{"id":25,"date":"2022-10-10T16:21:39","date_gmt":"2022-10-10T16:21:39","guid":{"rendered":"https:\/\/youdevmiami.com\/?page_id=25"},"modified":"2022-10-19T14:26:44","modified_gmt":"2022-10-19T14:26:44","slug":"entreprise","status":"publish","type":"page","link":"https:\/\/maya-airconditioning.com\/fr\/azienda\/","title":{"rendered":"Entreprise"},"content":{"rendered":"<h2>AZIENDA E SERVIZI<\/h2>\n<h4>Maya S.p.A., A Yazaki Corporation Japan Joint Venture Company.<\/h4>\n<h3>MAYA<\/h3>\n<h3>YAZAKI<\/h3>\n<div>\n<p><span>MAYA \u00e8 la societ\u00e0 di distribuzione europea delle macchine ad assorbimento per la climatizzazione prodotte dalla multinazionale giapponese YAZAKI. L&#8217;attivit\u00e0 di MAYA \u00e8 iniziata nel 1989.<\/span><br \/><span>Dal 1995, YAZAKI \u00e8 entrata direttamente nella compagine azionaria della societ\u00e0, dato il suo crescente interesse allo sviluppo del mercato europeo.<\/span><br \/><span>MAYA opera in Europa sia direttamente, sia indirettamente attraverso una serie di distributori qualificati, in grado di fornire localmente il necessario supporto tecnico a progettisti ed installatori.<\/span><br \/><span>Il servizio di assistenza post-vendita si avvale di una rete di centri di manutenzione, opportunamente selezionati ed addestrati, uniformemente distribuiti sull\u2019intero territorio.<\/span><\/p>\n<\/div>\n<div>\n<p><span>YAZAKI \u00e8 un gruppo multinazionale giapponese che opera in diversi settori impiegando oltre 290.000 addetti; \u00e8 presente con 487 unit\u00e0 operative in 45 paesi diversi.<\/span><br \/><span>YAZAKI \u00e8 leader indiscusso a livello mondiale nel campo della climatizzazione con una produzione specializzata di assorbitori.<\/span><br \/><span>YAZAKI detiene consistenti quote di mercato in vari paesi: in particolare, in quello giapponese, di gran lunga il pi\u00f9 evoluto. Tutte le macchine destinate al mercato europeo sono certificate CE e soddisfano gli standard previsti dalle direttive GAD, EMC e LVD.<\/span><\/p>\n<p><span>YAZAKI \u00e8 certificata ISO 9001 e ISO 14001.<\/span><\/p>\n<\/div>\n<p><img decoding=\"async\" src=\"\/wp-content\/uploads\/2022\/10\/maya-sede-milano.jpg\" alt=\"\"><br \/>\n<img decoding=\"async\" src=\"\/wp-content\/uploads\/2022\/10\/sede-yazaki-japan.jpg\" alt=\"\"><\/p>\n<h3>SERVIZI DI ASSISTENZA<\/h3>\n<div>\n<p><span>I gruppi Yazaki godono di un attento e pronto servizio di assistenza nelle fasi d\u2019installazione, avviamento e manutenzione, effettuato da operatori qualificati, opportunamente addestrati.<\/span><\/p>\n<p><span>Contratti di manutenzione programmata e preventiva, a condizioni particolarmente vantaggiose, vengono proposti al fine di ottenere prestazioni ottimali mediante verifica dei vari parametri di funzionamento.<\/span><\/p>\n<p><span>I pezzi di ricambio sono sempre disponibili e pronti per la consegna.<\/span><\/p>\n<\/div>\n<hr>\n<p><img decoding=\"async\" src=\"\/wp-content\/uploads\/2022\/10\/assistenza.jpg\" alt=\"\"><br \/>\n<img decoding=\"async\" src=\"\/wp-content\/uploads\/2022\/10\/service.jpg\" alt=\"\"><\/p>\n<p><!--more--><br \/>\n<!-- {\"type\":\"layout\",\"children\":[{\"type\":\"section\",\"props\":{\"style\":\"default\",\"width\":\"default\",\"vertical_align\":\"middle\",\"title_position\":\"top-left\",\"title_rotation\":\"left\",\"title_breakpoint\":\"xl\",\"image_position\":\"center-center\",\"padding\":\"xlarge\",\"image\":\"wp-content\\\/uploads\\\/2022\\\/10\\\/azienda-maya-spa-milano-via-falck-53-scaled.jpg\",\"image_size\":\"cover\",\"image_width\":\"1840\",\"image_loading\":true,\"text_color\":\"light\",\"padding_remove_bottom\":true,\"height\":\"percent\"},\"children\":[{\"type\":\"row\",\"children\":[{\"type\":\"column\",\"props\":{\"image_position\":\"center-center\",\"media_overlay_gradient\":\"\",\"width_medium\":\"1-1\",\"position_sticky_breakpoint\":\"m\"},\"children\":[]}]}],\"name\":\"Hero\"},{\"type\":\"section\",\"props\":{\"style\":\"primary\",\"width\":\"default\",\"vertical_align\":\"middle\",\"title_position\":\"top-left\",\"title_rotation\":\"left\",\"title_breakpoint\":\"xl\",\"image_position\":\"center-center\",\"padding_remove_top\":false,\"padding\":\"xsmall\"},\"children\":[{\"type\":\"row\",\"children\":[{\"type\":\"column\",\"props\":{\"position_sticky_breakpoint\":\"m\",\"image_position\":\"center-center\",\"media_overlay_gradient\":\"\"},\"children\":[{\"type\":\"headline\",\"props\":{\"title_element\":\"h2\",\"margin\":\"medium\",\"block_align_breakpoint\":\"m\",\"block_align_fallback\":\"center\",\"text_align\":\"left\",\"text_align_breakpoint\":\"m\",\"text_align_fallback\":\"center\",\"content\":\"AZIENDA E SERVIZI\",\"margin_remove_top\":true,\"margin_remove_bottom\":true}},{\"type\":\"headline\",\"props\":{\"title_element\":\"h4\",\"content\":\"Maya S.p.A., A Yazaki Corporation Japan Joint Venture Company.\",\"margin_remove_top\":true}}]}]}],\"name\":\"About\"},{\"type\":\"section\",\"props\":{\"style\":\"default\",\"width\":\"default\",\"vertical_align\":\"middle\",\"title_position\":\"top-left\",\"title_rotation\":\"left\",\"title_breakpoint\":\"xl\",\"image_position\":\"center-center\"},\"children\":[{\"type\":\"row\",\"children\":[{\"type\":\"column\",\"props\":{\"position_sticky_breakpoint\":\"m\",\"image_position\":\"center-center\",\"media_overlay_gradient\":\"\",\"width_medium\":\"1-2\",\"style\":\"primary\",\"padding\":\"xsmall\"},\"children\":[{\"type\":\"headline\",\"props\":{\"title_element\":\"h3\",\"text_align\":\"center\",\"margin\":\"default\",\"content\":\"MAYA\",\"block_align\":\"center\"}}]},{\"type\":\"column\",\"props\":{\"position_sticky_breakpoint\":\"m\",\"image_position\":\"center-center\",\"media_overlay_gradient\":\"\",\"width_medium\":\"1-2\",\"style\":\"primary\",\"padding\":\"xsmall\"},\"children\":[{\"type\":\"headline\",\"props\":{\"title_element\":\"h3\",\"text_align\":\"center\",\"margin\":\"default\",\"content\":\"YAZAKI\",\"block_align\":\"center\"}}]}],\"props\":{\"layout\":\"1-2,1-2\"}},{\"type\":\"row\",\"props\":{\"layout\":\"1-2,1-2\"},\"children\":[{\"type\":\"column\",\"props\":{\"position_sticky_breakpoint\":\"m\",\"image_position\":\"center-center\",\"media_overlay_gradient\":\"\",\"width_medium\":\"1-2\"},\"children\":[{\"type\":\"text\",\"props\":{\"margin\":\"default\",\"column_breakpoint\":\"m\",\"content\":\"\n\n<p><span>MAYA \\u00e8 la societ\\u00e0 di distribuzione europea delle macchine ad assorbimento per la climatizzazione prodotte dalla multinazionale giapponese YAZAKI. L'attivit\\u00e0 di MAYA \\u00e8 iniziata nel 1989.<\\\/span><br \\\/><span>Dal 1995, YAZAKI \\u00e8 entrata direttamente nella compagine azionaria della societ\\u00e0, dato il suo crescente interesse allo sviluppo del mercato europeo.<\\\/span><br \\\/><span>MAYA opera in Europa sia direttamente, sia indirettamente attraverso una serie di distributori qualificati, in grado di fornire localmente il necessario supporto tecnico a progettisti ed installatori.<\\\/span><br \\\/><span>Il servizio di assistenza post-vendita si avvale di una rete di centri di manutenzione, opportunamente selezionati ed addestrati, uniformemente distribuiti sull\\u2019intero territorio.<\\\/span><\\\/p>\",\"text_align\":\"justify\"}}]},{\"type\":\"column\",\"props\":{\"position_sticky_breakpoint\":\"m\",\"image_position\":\"center-center\",\"media_overlay_gradient\":\"\",\"width_medium\":\"1-2\"},\"children\":[{\"type\":\"text\",\"props\":{\"margin\":\"default\",\"column_breakpoint\":\"m\",\"content\":\"\n\n<p><span>YAZAKI \\u00e8 un gruppo multinazionale giapponese che opera in diversi settori impiegando oltre 290.000 addetti; \\u00e8 presente con 487 unit\\u00e0 operative in 45 paesi diversi.<\\\/span><br \\\/><span>YAZAKI \\u00e8 leader indiscusso a livello mondiale nel campo della climatizzazione con una produzione specializzata di assorbitori.<\\\/span><br \\\/><span>YAZAKI detiene consistenti quote di mercato in vari paesi: in particolare, in quello giapponese, di gran lunga il pi\\u00f9 evoluto. Tutte le macchine destinate al mercato europeo sono certificate CE e soddisfano gli standard previsti dalle direttive GAD, EMC e LVD.<\\\/span><br \\\/><br \\\/><span>YAZAKI \\u00e8 certificata ISO 9001 e ISO 14001.<\\\/span><\\\/p>\",\"text_align\":\"justify\"}}]}]},{\"type\":\"row\",\"props\":{\"layout\":\"1-2,1-2\"},\"children\":[{\"type\":\"column\",\"props\":{\"position_sticky_breakpoint\":\"m\",\"image_position\":\"center-center\",\"media_overlay_gradient\":\"\",\"width_medium\":\"1-2\"},\"children\":[{\"type\":\"image\",\"props\":{\"margin\":\"default\",\"image_svg_color\":\"emphasis\",\"image\":\"wp-content\\\/uploads\\\/2022\\\/10\\\/maya-sede-milano.jpg\",\"image_width\":\"1000\"}}]},{\"type\":\"column\",\"props\":{\"position_sticky_breakpoint\":\"m\",\"image_position\":\"center-center\",\"media_overlay_gradient\":\"\",\"width_medium\":\"1-2\"},\"children\":[{\"type\":\"image\",\"props\":{\"margin\":\"default\",\"image_svg_color\":\"emphasis\",\"image\":\"wp-content\\\/uploads\\\/2022\\\/10\\\/sede-yazaki-japan.jpg\",\"image_width\":\"1000\"}}]}]}]},{\"type\":\"section\",\"props\":{\"style\":\"secondary\",\"width\":\"default\",\"vertical_align\":\"middle\",\"title_position\":\"top-left\",\"title_rotation\":\"left\",\"title_breakpoint\":\"xl\",\"image_position\":\"center-center\"},\"children\":[{\"type\":\"row\",\"children\":[{\"type\":\"column\",\"props\":{\"position_sticky_breakpoint\":\"m\",\"image_position\":\"center-center\",\"media_overlay_gradient\":\"\"},\"children\":[{\"type\":\"headline\",\"props\":{\"title_element\":\"h3\",\"text_align\":\"center\",\"margin\":\"default\",\"content\":\"SERVIZI DI ASSISTENZA\",\"block_align\":\"center\",\"title_color\":\"background\"}}]}]},{\"type\":\"row\",\"props\":{\"layout\":\"1-2,1-2\"},\"children\":[{\"type\":\"column\",\"props\":{\"position_sticky_breakpoint\":\"m\",\"image_position\":\"center-center\",\"media_overlay_gradient\":\"\",\"width_medium\":\"1-2\"},\"children\":[{\"type\":\"text\",\"props\":{\"margin\":\"default\",\"column_breakpoint\":\"m\",\"content\":\"\n\n<p><span>I gruppi Yazaki godono di un attento e pronto servizio di assistenza nelle fasi d\\u2019installazione, avviamento e manutenzione, effettuato da operatori qualificati, opportunamente addestrati.<\\\/span><br \\\/><br \\\/><span>Contratti di manutenzione programmata e preventiva, a condizioni particolarmente vantaggiose, vengono proposti al fine di ottenere prestazioni ottimali mediante verifica dei vari parametri di funzionamento.<\\\/span><br \\\/><br \\\/><span>I pezzi di ricambio sono sempre disponibili e pronti per la consegna.<\\\/span><\\\/p>\",\"text_align\":\"justify\"}},{\"type\":\"divider\",\"props\":{\"divider_element\":\"hr\",\"divider_style\":\"vertical\"}},{\"type\":\"image\",\"props\":{\"margin\":\"default\",\"image_svg_color\":\"emphasis\",\"image\":\"wp-content\\\/uploads\\\/2022\\\/10\\\/assistenza.jpg\"}}]},{\"type\":\"column\",\"props\":{\"position_sticky_breakpoint\":\"m\",\"image_position\":\"center-center\",\"media_overlay_gradient\":\"\",\"width_medium\":\"1-2\"},\"children\":[{\"type\":\"image\",\"props\":{\"margin\":\"default\",\"image_svg_color\":\"emphasis\",\"image\":\"wp-content\\\/uploads\\\/2022\\\/10\\\/service.jpg\"}}]}]}]}],\"version\":\"3.0.6\"} --><\/p>\n","protected":false},"excerpt":{"rendered":"<p>AZIENDA E SERVIZI Maya S.p.A., A Yazaki Corporation Japan Joint Venture Company. MAYA YAZAKI MAYA \u00e8 la societ\u00e0 di distribuzione europea delle macchine ad assorbimento per la climatizzazione prodotte dalla multinazionale giapponese YAZAKI. L&#8217;attivit\u00e0 di MAYA \u00e8 iniziata nel 1989.Dal 1995, YAZAKI \u00e8 entrata direttamente nella compagine azionaria della societ\u00e0, dato il suo crescente interesse [&hellip;]<\/p>\n","protected":false},"author":1,"featured_media":0,"parent":0,"menu_order":0,"comment_status":"closed","ping_status":"closed","template":"","meta":{"footnotes":""},"class_list":["post-25","page","type-page","status-publish","hentry"],"_links":{"self":[{"href":"https:\/\/maya-airconditioning.com\/fr\/wp-json\/wp\/v2\/pages\/25","targetHints":{"allow":["GET"]}}],"collection":[{"href":"https:\/\/maya-airconditioning.com\/fr\/wp-json\/wp\/v2\/pages"}],"about":[{"href":"https:\/\/maya-airconditioning.com\/fr\/wp-json\/wp\/v2\/types\/page"}],"author":[{"embeddable":true,"href":"https:\/\/maya-airconditioning.com\/fr\/wp-json\/wp\/v2\/users\/1"}],"replies":[{"embeddable":true,"href":"https:\/\/maya-airconditioning.com\/fr\/wp-json\/wp\/v2\/comments?post=25"}],"version-history":[{"count":13,"href":"https:\/\/maya-airconditioning.com\/fr\/wp-json\/wp\/v2\/pages\/25\/revisions"}],"predecessor-version":[{"id":738,"href":"https:\/\/maya-airconditioning.com\/fr\/wp-json\/wp\/v2\/pages\/25\/revisions\/738"}],"wp:attachment":[{"href":"https:\/\/maya-airconditioning.com\/fr\/wp-json\/wp\/v2\/media?parent=25"}],"curies":[{"name":"wp","href":"https:\/\/api.w.org\/{rel}","templated":true}]}}