{"id":27,"date":"2022-10-10T16:21:39","date_gmt":"2022-10-10T16:21:39","guid":{"rendered":"https:\/\/youdevmiami.com\/?page_id=27"},"modified":"2025-10-02T17:24:15","modified_gmt":"2025-10-02T17:24:15","slug":"publications-3","status":"publish","type":"page","link":"https:\/\/maya-airconditioning.com\/fr\/publications-3\/","title":{"rendered":"Publications"},"content":{"rendered":"<h2>Publications<\/h2>\n<h1>Articles techniques approfondis.<\/h1>\n<h3>UNIT\u00c9S DE R\u00c9FRIG\u00c9RATION \u00c0 ABSORPTION<\/h3>\n<hr>\n<div>\n            <div \n                class=\"elfsight-widget-pdf-embed elfsight-widget\" \n                data-elfsight-pdf-embed-options=\"%7B%22files%22%3A%5B%7B%22link%22%3A%22https%3A%5C%2F%5C%2Fmaya-airconditioning.com%5C%2Fwp-content%5C%2Fuploads%5C%2F2022%5C%2F10%5C%2FIntroduzione-alla-refrigerazione-ad-assorbimento.pdf%22%2C%22name%22%3A%22Introduzione%20alla%20refrigerazione%20ad%20assorbimento%22%2C%22previewImage%22%3Anull%7D%2C%7B%22link%22%3A%22https%3A%5C%2F%5C%2Fmaya-airconditioning.com%5C%2Fwp-content%5C%2Fuploads%5C%2F2022%5C%2F10%5C%2FLa-conduzione-dei-gruppi-ad-assorbimento.pdf%22%2C%22name%22%3A%22La%20conduzione%20dei%20gruppi%20ad%20assorbimento%22%2C%22previewImage%22%3Anull%7D%5D%2C%22widgetTitle%22%3A%22%22%2C%22layout%22%3A%22grid%22%2C%22showIcon%22%3Atrue%2C%22icon%22%3A%22icon-2%22%2C%22previewImageSize%22%3A30%2C%22showDownloadLink%22%3Atrue%2C%22downloadLinkText%22%3A%22Download%22%2C%22width%22%3A%22Auto%22%2C%22heightFactor%22%3A1.41%2C%22iconColor%22%3A%22rgb%28222%2C%2043%2C%2051%29%22%2C%22nameColor%22%3A%22rgb%2817%2C%2017%2C%2017%29%22%2C%22downloadColor%22%3A%22rgb%2828%2C%20145%2C%20255%29%22%2C%22backgroundColor%22%3Anull%2C%22fileBackgroundColor%22%3Anull%2C%22widgetTitleColor%22%3A%22rgb%2817%2C%2017%2C%2017%29%22%2C%22nameFontSize%22%3A15%2C%22downloadFontSize%22%3A15%2C%22widgetTitleFontSize%22%3A20%2C%22widgetId%22%3A%225%22%7D\" \n                data-elfsight-pdf-embed-version=\"1.1.1\"\n                data-elfsight-widget-id=\"elfsight-pdf-embed-5\">\n            <\/div>\n            <\/div>\n<h3>ABSORBEURS D'EAU<\/h3>\n<hr>\n<div><\/p>\n\n<br \/>\n    \n            <div \n                class=\"elfsight-widget-pdf-embed elfsight-widget\" \n                data-elfsight-pdf-embed-options=\"%7B%22files%22%3A%5B%7B%22link%22%3A%22https%3A%5C%2F%5C%2Fmaya-airconditioning.com%5C%2Fwp-content%5C%2Fuploads%5C%2F2022%5C%2F10%5C%2FTrigeneration-using-Absorption-Chiller-Technology.pdf%22%2C%22name%22%3A%22Trigeneration%20using%20Absorption%20Chiller%20Technology%22%2C%22previewImage%22%3Anull%7D%2C%7B%22link%22%3A%22https%3A%5C%2F%5C%2Fmaya-airconditioning.com%5C%2Fwp-content%5C%2Fuploads%5C%2F2022%5C%2F10%5C%2FSolar-Cooling.pdf%22%2C%22name%22%3A%22Solar%20Cooling%22%2C%22previewImage%22%3Anull%7D%2C%7B%22link%22%3A%22https%3A%5C%2F%5C%2Fmaya-airconditioning.com%5C%2Fwp-content%5C%2Fuploads%5C%2F2022%5C%2F10%5C%2FPeripheral-production-of-chilled-water-in-district-heating.pdf%22%2C%22name%22%3A%22Peripheral%20production%20of%20chilled%20water%20in%20district%20heating%22%2C%22previewImage%22%3Anull%7D%2C%7B%22link%22%3A%22https%3A%5C%2F%5C%2Fmaya-airconditioning.com%5C%2Fwp-content%5C%2Fuploads%5C%2F2022%5C%2F10%5C%2FEnergy-efficiency-using-waste-heat-for-process-cooling.pdf%22%2C%22name%22%3A%22Energy%20efficiency%20using%20waste%20heat%20for%20process%20cooling%22%2C%22previewImage%22%3Anull%7D%2C%7B%22link%22%3A%22https%3A%5C%2F%5C%2Fmaya-airconditioning.com%5C%2Fwp-content%5C%2Fuploads%5C%2F2022%5C%2F10%5C%2FThe-generation-of-cooling-in-heat-recovery-installations.pdf%22%2C%22name%22%3A%22The%20generation%20of%20cooling%20in%20heat%20recovery%20installations%22%2C%22previewImage%22%3Anull%7D%2C%7B%22link%22%3A%22https%3A%5C%2F%5C%2Fmaya-airconditioning.com%5C%2Fwp-content%5C%2Fuploads%5C%2F2022%5C%2F10%5C%2FThe-biomass-refrigeration.pdf%22%2C%22name%22%3A%22The%20biomass%20refrigeration%22%2C%22previewImage%22%3Anull%7D%5D%2C%22widgetTitle%22%3A%22%22%2C%22layout%22%3A%22grid%22%2C%22showIcon%22%3Atrue%2C%22icon%22%3A%22icon-2%22%2C%22previewImageSize%22%3A30%2C%22showDownloadLink%22%3Atrue%2C%22downloadLinkText%22%3A%22Download%22%2C%22width%22%3A%22Auto%22%2C%22heightFactor%22%3A1.41%2C%22iconColor%22%3A%22rgb%28222%2C%2043%2C%2051%29%22%2C%22nameColor%22%3A%22rgb%2817%2C%2017%2C%2017%29%22%2C%22downloadColor%22%3A%22rgb%2828%2C%20145%2C%20255%29%22%2C%22backgroundColor%22%3Anull%2C%22fileBackgroundColor%22%3Anull%2C%22widgetTitleColor%22%3A%22rgb%2817%2C%2017%2C%2017%29%22%2C%22nameFontSize%22%3A15%2C%22downloadFontSize%22%3A15%2C%22widgetTitleFontSize%22%3A20%2C%22widgetId%22%3A%2220%22%7D\" \n                data-elfsight-pdf-embed-version=\"1.1.1\"\n                data-elfsight-widget-id=\"elfsight-pdf-embed-20\">\n            <\/div>\n            <br \/>\n\n\n<\/div>\n<h3>PUBLICATIONS SP\u00c9CIALIS\u00c9ES<\/h3>\n<hr>\n<div>\n            <div \n                class=\"elfsight-widget-pdf-embed elfsight-widget\" \n                data-elfsight-pdf-embed-options=\"%7B%22files%22%3A%5B%7B%22link%22%3A%22https%3A%5C%2F%5C%2Fmaya-airconditioning.com%5C%2Fwp-content%5C%2Fuploads%5C%2F2022%5C%2F10%5C%2FGuida-Cogenerazione-Giugno-2017.pdf%22%2C%22name%22%3A%22Guida%20Cogenerazione%20Giugno%202017%22%2C%22previewImage%22%3Anull%7D%2C%7B%22link%22%3A%22https%3A%5C%2F%5C%2Fmaya-airconditioning.com%5C%2Fwp-content%5C%2Fuploads%5C%2F2022%5C%2F10%5C%2FStudio-CNR-Sviluppo-di-un-modello-matematico-di-un-assorbitore-a-bromuro-di-litio.pdf%22%2C%22name%22%3A%22Studio%20CNR%20Sviluppo%20di%20un%20modello%20matematico%20di%20un%20assorbitore%20a%20bromuro%20di%20litio%22%2C%22previewImage%22%3Anull%7D%2C%7B%22link%22%3A%22https%3A%5C%2F%5C%2Fmaya-airconditioning.com%5C%2Fwp-content%5C%2Fuploads%5C%2F2022%5C%2F10%5C%2F2012_17_AJ_AicarrJournal_ENEA.pdf%22%2C%22name%22%3A%222012_17_AJ_AicarrJournal_ENEA%22%2C%22previewImage%22%3Anull%7D%2C%7B%22link%22%3A%22https%3A%5C%2F%5C%2Fmaya-airconditioning.com%5C%2Fwp-content%5C%2Fuploads%5C%2F2022%5C%2F10%5C%2F2012_16_AJ_AicarrJournal_ENEA.pdf%22%2C%22name%22%3A%222012_16_AJ_AicarrJournal_ENEA%22%2C%22previewImage%22%3Anull%7D%2C%7B%22link%22%3A%22https%3A%5C%2F%5C%2Fmaya-airconditioning.com%5C%2Fwp-content%5C%2Fuploads%5C%2F2022%5C%2F10%5C%2FQuaderni-aria-compressa-1701.pdf%22%2C%22name%22%3A%22Quaderni%20aria%20compressa%201701%22%2C%22previewImage%22%3Anull%7D%5D%2C%22widgetTitle%22%3A%22%22%2C%22layout%22%3A%22grid%22%2C%22showIcon%22%3Atrue%2C%22icon%22%3A%22icon-2%22%2C%22previewImageSize%22%3A30%2C%22showDownloadLink%22%3Atrue%2C%22downloadLinkText%22%3A%22Download%22%2C%22width%22%3A%22Auto%22%2C%22heightFactor%22%3A1.41%2C%22iconColor%22%3A%22rgb%28222%2C%2043%2C%2051%29%22%2C%22nameColor%22%3A%22rgb%2817%2C%2017%2C%2017%29%22%2C%22downloadColor%22%3A%22rgb%2828%2C%20145%2C%20255%29%22%2C%22backgroundColor%22%3Anull%2C%22fileBackgroundColor%22%3Anull%2C%22widgetTitleColor%22%3A%22rgb%2817%2C%2017%2C%2017%29%22%2C%22nameFontSize%22%3A15%2C%22downloadFontSize%22%3A15%2C%22widgetTitleFontSize%22%3A20%2C%22widgetId%22%3A%227%22%7D\" \n                data-elfsight-pdf-embed-version=\"1.1.1\"\n                data-elfsight-widget-id=\"elfsight-pdf-embed-7\">\n            <\/div>\n            <\/div>\n<p><!--more--><br \/>\n<!-- {\"type\":\"layout\",\"children\":[{\"type\":\"section\",\"props\":{\"css\":\"@media (min-width: 960px) {\\n    .el-section > div  {\\n        padding-top: 350px;\\n        padding-bottom: 350px;\\n    }\\n}\",\"image\":\"wp-content\\\/uploads\\\/2022\\\/10\\\/Pubblicazioni.jpg\",\"image_loading\":true,\"image_position\":\"top-center\",\"image_size\":\"cover\",\"image_width\":\"1840\",\"padding\":\"xlarge\",\"style\":\"default\",\"text_color\":\"light\",\"title_breakpoint\":\"xl\",\"title_position\":\"top-left\",\"title_rotation\":\"left\",\"vertical_align\":\"\",\"width\":\"default\"},\"children\":[{\"type\":\"row\",\"children\":[{\"type\":\"column\",\"props\":{\"image_position\":\"center-center\",\"position_sticky_breakpoint\":\"m\",\"width_medium\":\"1-1\"}}]}],\"name\":\"Hero\"},{\"type\":\"section\",\"props\":{\"image_position\":\"center-center\",\"padding\":\"xsmall\",\"padding_remove_top\":false,\"style\":\"primary\",\"title_breakpoint\":\"xl\",\"title_position\":\"top-left\",\"title_rotation\":\"left\",\"vertical_align\":\"\",\"width\":\"default\"},\"children\":[{\"type\":\"row\",\"children\":[{\"type\":\"column\",\"props\":{\"image_position\":\"center-center\",\"position_sticky_breakpoint\":\"m\"},\"children\":[{\"type\":\"headline\",\"props\":{\"block_align_breakpoint\":\"m\",\"block_align_fallback\":\"center\",\"content\":\"Pubblicazioni\",\"margin\":\"medium\",\"margin_remove_bottom\":true,\"margin_remove_top\":false,\"text_align\":\"left\",\"text_align_breakpoint\":\"m\",\"text_align_fallback\":\"center\",\"title_element\":\"h2\"}},{\"type\":\"headline\",\"props\":{\"content\":\"Articoli di approfondimento tecnico.\",\"margin_remove_top\":true,\"title_element\":\"h1\",\"title_style\":\"h4\"}}]}]}],\"name\":\"About\"},{\"type\":\"section\",\"props\":{\"image_position\":\"center-center\",\"style\":\"default\",\"title_breakpoint\":\"xl\",\"title_position\":\"top-left\",\"title_rotation\":\"left\",\"vertical_align\":\"\",\"width\":\"default\"},\"children\":[{\"type\":\"row\",\"children\":[{\"type\":\"column\",\"props\":{\"image_position\":\"center-center\",\"position_sticky_breakpoint\":\"m\"},\"children\":[{\"type\":\"headline\",\"props\":{\"block_align\":\"center\",\"content\":\"GRUPPI FRIGORIFERI AD ASSORBIMENTO\",\"margin\":\"default\",\"text_align\":\"left\",\"title_color\":\"background\",\"title_decoration\":\"bullet\",\"title_element\":\"h3\"}},{\"type\":\"divider\",\"props\":{\"divider_element\":\"hr\"}},{\"type\":\"text\",\"props\":{\"column_breakpoint\":\"m\",\"content\":\"[elfsight_pdf_embed id=\\\"5\\\"]\",\"margin\":\"default\"}}]}]}]},{\"type\":\"section\",\"props\":{\"image_position\":\"center-center\",\"style\":\"default\",\"title_breakpoint\":\"xl\",\"title_position\":\"top-left\",\"title_rotation\":\"left\",\"vertical_align\":\"\",\"width\":\"default\"},\"children\":[{\"type\":\"row\",\"children\":[{\"type\":\"column\",\"props\":{\"image_position\":\"center-center\",\"position_sticky_breakpoint\":\"m\"},\"children\":[{\"type\":\"headline\",\"props\":{\"block_align\":\"center\",\"content\":\"ASSORBITORI AD ACQUA\",\"margin\":\"default\",\"text_align\":\"left\",\"title_color\":\"background\",\"title_decoration\":\"bullet\",\"title_element\":\"h3\"}},{\"type\":\"divider\",\"props\":{\"divider_element\":\"hr\"}},{\"type\":\"text\",\"props\":{\"column_breakpoint\":\"m\",\"content\":\"[trp_language language=\\\"it_IT\\\"]\\n    [elfsight_pdf_embed id=\\\"6\\\"]\\n[\\\/trp_language]\\n\\n[trp_language language=\\\"en_GB\\\"]\\n    [elfsight_pdf_embed id=\\\"20\\\"]\\n[\\\/trp_language]\\n\\n[trp_language language=\\\"fr_FR\\\"]\\n    [elfsight_pdf_embed id=\\\"20\\\"]\\n[\\\/trp_language]\\n\\n[trp_language language=\\\"pl_PL\\\"]\\n    [elfsight_pdf_embed id=\\\"20\\\"]\\n[\\\/trp_language]\\n\\n[trp_language language=\\\"el\\\"]\\n    [elfsight_pdf_embed id=\\\"20\\\"]\\n[\\\/trp_language]\",\"margin\":\"default\"}}]}]}]},{\"type\":\"section\",\"props\":{\"image_position\":\"center-center\",\"style\":\"default\",\"title_breakpoint\":\"xl\",\"title_position\":\"top-left\",\"title_rotation\":\"left\",\"vertical_align\":\"\",\"width\":\"default\"},\"children\":[{\"type\":\"row\",\"children\":[{\"type\":\"column\",\"props\":{\"image_position\":\"center-center\",\"position_sticky_breakpoint\":\"m\"},\"children\":[{\"type\":\"headline\",\"props\":{\"block_align\":\"center\",\"content\":\"PUBBLICAZIONI SPECIALISTICHE\",\"margin\":\"default\",\"text_align\":\"left\",\"title_color\":\"background\",\"title_decoration\":\"bullet\",\"title_element\":\"h3\"}},{\"type\":\"divider\",\"props\":{\"divider_element\":\"hr\"}},{\"type\":\"text\",\"props\":{\"column_breakpoint\":\"m\",\"content\":\"[elfsight_pdf_embed id=\\\"7\\\"]\",\"margin\":\"default\"}}]}]}]}],\"version\":\"4.5.28\"} --><\/p>","protected":false},"excerpt":{"rendered":"<p>Pubblicazioni Articoli di approfondimento tecnico. GRUPPI FRIGORIFERI AD ASSORBIMENTO ASSORBITORI AD ACQUA PUBBLICAZIONI SPECIALISTICHE<\/p>","protected":false},"author":1,"featured_media":0,"parent":0,"menu_order":0,"comment_status":"closed","ping_status":"closed","template":"","meta":{"footnotes":""},"class_list":["post-27","page","type-page","status-publish","hentry"],"_links":{"self":[{"href":"https:\/\/maya-airconditioning.com\/fr\/wp-json\/wp\/v2\/pages\/27","targetHints":{"allow":["GET"]}}],"collection":[{"href":"https:\/\/maya-airconditioning.com\/fr\/wp-json\/wp\/v2\/pages"}],"about":[{"href":"https:\/\/maya-airconditioning.com\/fr\/wp-json\/wp\/v2\/types\/page"}],"author":[{"embeddable":true,"href":"https:\/\/maya-airconditioning.com\/fr\/wp-json\/wp\/v2\/users\/1"}],"replies":[{"embeddable":true,"href":"https:\/\/maya-airconditioning.com\/fr\/wp-json\/wp\/v2\/comments?post=27"}],"version-history":[{"count":11,"href":"https:\/\/maya-airconditioning.com\/fr\/wp-json\/wp\/v2\/pages\/27\/revisions"}],"predecessor-version":[{"id":1146,"href":"https:\/\/maya-airconditioning.com\/fr\/wp-json\/wp\/v2\/pages\/27\/revisions\/1146"}],"wp:attachment":[{"href":"https:\/\/maya-airconditioning.com\/fr\/wp-json\/wp\/v2\/media?parent=27"}],"curies":[{"name":"wp","href":"https:\/\/api.w.org\/{rel}","templated":true}]}}