{"id":1150,"date":"2025-12-22T14:36:04","date_gmt":"2025-12-22T14:36:04","guid":{"rendered":"https:\/\/maya-airconditioning.com\/?page_id=1150"},"modified":"2025-12-22T14:36:04","modified_gmt":"2025-12-22T14:36:04","slug":"polityka-cookies","status":"publish","type":"page","link":"https:\/\/maya-airconditioning.com\/pl\/cookie-policy\/","title":{"rendered":"Polityka dotycz\u0105ca plik\u00f3w cookie"},"content":{"rendered":"<p>Niniejsza polityka dotycz\u0105ca plik\u00f3w cookie zosta\u0142a opracowana dla strony internetowej&nbsp;<strong>www.maya-airconditioning.com<\/strong>&nbsp;(zwanej dalej \"Witryn\u0105\"), zgodnie z rozporz\u0105dzeniem (UE) 2016\/679 (\"RODO\"), dyrektyw\u0105 o prywatno\u015bci i \u0142\u0105czno\u015bci elektronicznej oraz wytycznymi w\u0142oskiego organu ochrony danych.<\/p>\n\n\n\n<hr class=\"wp-block-separator has-alpha-channel-opacity\"\/>\n\n\n\n<h2 class=\"wp-block-heading\"><strong>1. Czym s\u0105 pliki cookie?<\/strong><\/h2>\n\n\n\n<p>Pliki cookie to ma\u0142e pliki tekstowe, kt\u00f3re odwiedzane witryny wysy\u0142aj\u0105 do urz\u0105dzenia (komputera, tabletu, smartfona), gdzie s\u0105 przechowywane, a nast\u0119pnie przesy\u0142ane z powrotem do tych samych witryn podczas nast\u0119pnej wizyty.<\/p>\n\n\n\n<p>Pliki cookie pozwalaj\u0105 witrynie rozpozna\u0107 urz\u0105dzenie u\u017cytkownika i poprawi\u0107 komfort przegl\u0105dania.<\/p>\n\n\n\n<hr class=\"wp-block-separator has-alpha-channel-opacity\"\/>\n\n\n\n<h2 class=\"wp-block-heading\"><strong>2. Rodzaje wykorzystywanych plik\u00f3w cookie<\/strong><\/h2>\n\n\n\n<p>Witryna wykorzystuje nast\u0119puj\u0105ce kategorie plik\u00f3w cookie:<\/p>\n\n\n\n<h3 class=\"wp-block-heading\"><strong>a) Techniczne pliki cookie (niezb\u0119dne)<\/strong><\/h3>\n\n\n\n<p>Te pliki cookie s\u0105 niezb\u0119dne do prawid\u0142owego funkcjonowania Witryny i nie wymagaj\u0105 zgody u\u017cytkownika.<\/p>\n\n\n\n<p>Pozwalaj\u0105 one na przyk\u0142ad:<\/p>\n\n\n\n<ul class=\"wp-block-list\">\n<li>nawigacja mi\u0119dzy stronami;<\/li>\n\n\n\n<li>prawid\u0142owe funkcjonowanie formularzy kontaktowych;<\/li>\n\n\n\n<li>zarz\u0105dzanie preferencjami prywatno\u015bci.<\/li>\n<\/ul>\n\n\n\n<hr class=\"wp-block-separator has-alpha-channel-opacity\"\/>\n\n\n\n<h3 class=\"wp-block-heading\"><strong>b) Funkcjonalne pliki cookie<\/strong><\/h3>\n\n\n\n<p>Te pliki cookie umo\u017cliwiaj\u0105 Witrynie zapami\u0119tanie wybor\u00f3w dokonanych przez u\u017cytkownika (takich jak j\u0119zyk lub preferencje przegl\u0105dania) w celu zapewnienia zaawansowanych i spersonalizowanych funkcji.<\/p>\n\n\n\n<p>Mog\u0105 one by\u0107 instalowane wy\u0142\u0105cznie za zgod\u0105 u\u017cytkownika.<\/p>\n\n\n\n<hr class=\"wp-block-separator has-alpha-channel-opacity\"\/>\n\n\n\n<h3 class=\"wp-block-heading\"><strong>c) Analityczne (statystyczne) pliki cookie<\/strong><\/h3>\n\n\n\n<p>Te pliki cookie umo\u017cliwiaj\u0105 gromadzenie zbiorczych i anonimowych informacji na temat liczby u\u017cytkownik\u00f3w i sposobu, w jaki odwiedzaj\u0105 Stron\u0119, w celu poprawy jej wydajno\u015bci i zawarto\u015bci.<\/p>\n\n\n\n<p>Zgoda nie jest wymagana w przypadku anonimowego korzystania z technicznych plik\u00f3w cookie. W pozosta\u0142ych przypadkach zgoda jest wymagana.<\/p>\n\n\n\n<hr class=\"wp-block-separator has-alpha-channel-opacity\"\/>\n\n\n\n<h3 class=\"wp-block-heading\"><strong>d) Profiluj\u0105ce i marketingowe pliki cookie<\/strong><\/h3>\n\n\n\n<p>Te pliki cookie s\u0105 wykorzystywane do tworzenia profili u\u017cytkownik\u00f3w i wysy\u0142ania wiadomo\u015bci reklamowych zgodnie z preferencjami wyra\u017conymi podczas przegl\u0105dania.<\/p>\n\n\n\n<p>Witryna wykorzystuje nast\u0119puj\u0105ce pliki cookie&nbsp;<strong>wy\u0142\u0105cznie za wyra\u017an\u0105 zgod\u0105 u\u017cytkownika<\/strong>.<\/p>\n\n\n\n<hr class=\"wp-block-separator has-alpha-channel-opacity\"\/>\n\n\n\n<h2 class=\"wp-block-heading\"><strong>3. Pliki cookie stron trzecich<\/strong><\/h2>\n\n\n\n<p>Witryna mo\u017ce wykorzystywa\u0107 pliki cookie stron trzecich, instalowane przez us\u0142ugi zewn\u0119trzne (np. narz\u0119dzia analityczne lub platformy reklamowe).<\/p>\n\n\n\n<p>Korzystanie z takich plik\u00f3w cookie podlega zasadom odpowiednich stron trzecich, do kt\u00f3rych si\u0119 odwo\u0142ujemy.<\/p>\n\n\n\n<hr class=\"wp-block-separator has-alpha-channel-opacity\"\/>\n\n\n\n<h2 class=\"wp-block-heading\"><strong>4. Zarz\u0105dzanie zgodami<\/strong><\/h2>\n\n\n\n<p>Przy pierwszym wej\u015bciu na Stron\u0119 u\u017cytkownik widzi baner, kt\u00f3ry umo\u017cliwia mu:<\/p>\n\n\n\n<ul class=\"wp-block-list\">\n<li>zaakceptowa\u0107 wszystkie pliki cookie;<\/li>\n\n\n\n<li>odrzuca\u0107 niepotrzebne pliki cookie;<\/li>\n\n\n\n<li>dostosowa\u0107 preferencje.<\/li>\n<\/ul>\n\n\n\n<p>Zgod\u0119 mo\u017cna zmieni\u0107 lub odwo\u0142a\u0107 w dowolnym momencie za po\u015brednictwem panelu zarz\u0105dzania plikami cookie lub ustawie\u0144 przegl\u0105darki.<\/p>\n\n\n\n<hr class=\"wp-block-separator has-alpha-channel-opacity\"\/>\n\n\n\n<h2 class=\"wp-block-heading\"><strong>5. Jak wy\u0142\u0105czy\u0107 pliki cookie w przegl\u0105darce<\/strong><\/h2>\n\n\n\n<p>U\u017cytkownicy mog\u0105 zarz\u0105dza\u0107 plikami cookie lub je wy\u0142\u0105czy\u0107 bezpo\u015brednio w ustawieniach przegl\u0105darki.<\/p>\n\n\n\n<p>Oto kilka przydatnych link\u00f3w:<\/p>\n\n\n\n<ul class=\"wp-block-list\">\n<li>Google Chrome<\/li>\n\n\n\n<li>Mozilla Firefox<\/li>\n\n\n\n<li>Apple Safari<\/li>\n\n\n\n<li>Microsoft Edge<\/li>\n<\/ul>\n\n\n\n<p>Wy\u0142\u0105czenie technicznych plik\u00f3w cookie mo\u017ce wp\u0142yn\u0105\u0107 na prawid\u0142owe funkcjonowanie Witryny.<\/p>\n\n\n\n<hr class=\"wp-block-separator has-alpha-channel-opacity\"\/>\n\n\n\n<h2 class=\"wp-block-heading\"><strong>6. Prawa u\u017cytkownika<\/strong><\/h2>\n\n\n\n<p>W zwi\u0105zku z przetwarzaniem danych osobowych gromadzonych za po\u015brednictwem plik\u00f3w cookie u\u017cytkownik mo\u017ce wykonywa\u0107 swoje prawa zgodnie z art. 15-22 RODO, w tym:<\/p>\n\n\n\n<ul class=\"wp-block-list\">\n<li>dost\u0119p do danych;<\/li>\n\n\n\n<li>sprostowanie lub anulowanie;<\/li>\n\n\n\n<li>ograniczenie lub sprzeciw wobec przetwarzania;<\/li>\n\n\n\n<li>wycofanie zgody;<\/li>\n\n\n\n<li>skarg\u0119 do organu ochrony danych.<\/li>\n<\/ul>\n\n\n\n<hr class=\"wp-block-separator has-alpha-channel-opacity\"\/>\n\n\n\n<h2 class=\"wp-block-heading\"><strong>7. Administrator danych<\/strong><\/h2>\n\n\n\n<p>Administratorem danych jest:<\/p>\n\n\n\n<p><strong>Klimatyzacja Maya<\/strong><\/p>\n\n\n\n<p>Siedziba: Via Falck, 53 20151 Mediolan, W\u0142ochy<\/p>\n\n\n\n<p>E-mail: maya@maya-airconditioning.com<\/p>\n\n\n\n<hr class=\"wp-block-separator has-alpha-channel-opacity\"\/>\n\n\n\n<h2 class=\"wp-block-heading\"><strong>8. Zmiany w Polityce dotycz\u0105cej plik\u00f3w cookie<\/strong><\/h2>\n\n\n\n<p>Niniejsza Polityka dotycz\u0105ca plik\u00f3w cookie mo\u017ce podlega\u0107 zmianom lub aktualizacjom. Zaktualizowane wersje zostan\u0105 opublikowane na tej stronie.<\/p>\n\n\n\n<hr class=\"wp-block-separator has-alpha-channel-opacity\"\/>\n\n\n\n<p><strong>Ostatnia aktualizacja:<\/strong>\u00a0Grudzie\u0144 2025 r.<\/p>","protected":false},"excerpt":{"rendered":"<p>La presente Cookie Policy \u00e8 resa per il sito web&nbsp;www.maya-airconditioning.com&nbsp;(di seguito \u201cSito\u201d), in conformit\u00e0 al Regolamento (UE) 2016\/679 (\u201cGDPR\u201d), alla Direttiva ePrivacy e alle Linee Guida del Garante per la Protezione dei Dati Personali. 1. Cosa sono i cookie I cookie sono piccoli file di testo che i siti visitati dall\u2019utente inviano al suo dispositivo [&hellip;]<\/p>\n","protected":false},"author":1,"featured_media":0,"parent":0,"menu_order":0,"comment_status":"closed","ping_status":"closed","template":"","meta":{"footnotes":""},"class_list":["post-1150","page","type-page","status-publish","hentry"],"_links":{"self":[{"href":"https:\/\/maya-airconditioning.com\/pl\/wp-json\/wp\/v2\/pages\/1150","targetHints":{"allow":["GET"]}}],"collection":[{"href":"https:\/\/maya-airconditioning.com\/pl\/wp-json\/wp\/v2\/pages"}],"about":[{"href":"https:\/\/maya-airconditioning.com\/pl\/wp-json\/wp\/v2\/types\/page"}],"author":[{"embeddable":true,"href":"https:\/\/maya-airconditioning.com\/pl\/wp-json\/wp\/v2\/users\/1"}],"replies":[{"embeddable":true,"href":"https:\/\/maya-airconditioning.com\/pl\/wp-json\/wp\/v2\/comments?post=1150"}],"version-history":[{"count":1,"href":"https:\/\/maya-airconditioning.com\/pl\/wp-json\/wp\/v2\/pages\/1150\/revisions"}],"predecessor-version":[{"id":1151,"href":"https:\/\/maya-airconditioning.com\/pl\/wp-json\/wp\/v2\/pages\/1150\/revisions\/1151"}],"wp:attachment":[{"href":"https:\/\/maya-airconditioning.com\/pl\/wp-json\/wp\/v2\/media?parent=1150"}],"curies":[{"name":"wp","href":"https:\/\/api.w.org\/{rel}","templated":true}]}}